{"id":3441,"date":"2022-10-17T11:03:14","date_gmt":"2022-10-17T09:03:14","guid":{"rendered":"https:\/\/ecofass.com\/liquid-types\/liquids-beer-wine-cider-oil-etc\/"},"modified":"2024-10-29T12:21:35","modified_gmt":"2024-10-29T11:21:35","slug":"liquids-beer-wine-cider-oil-etc","status":"publish","type":"page","link":"https:\/\/ecofass.com\/en\/liquid-types\/liquids-beer-wine-cider-oil-etc\/","title":{"rendered":"Liquids: beer, wine, cider, oil, etc."},"content":{"rendered":"\t\t<div data-elementor-type=\"wp-page\" data-elementor-id=\"3441\" class=\"elementor elementor-3441 elementor-428\" data-elementor-post-type=\"page\">\n\t\t\t\t\t\t<section class=\"elementor-section elementor-top-section elementor-element elementor-element-c0f2938 elementor-section-boxed elementor-section-height-default elementor-section-height-default\" data-id=\"c0f2938\" data-element_type=\"section\" data-e-type=\"section\" data-settings=\"{&quot;jet_parallax_layout_list&quot;:[]}\">\n\t\t\t\t\t\t<div class=\"elementor-container elementor-column-gap-default\">\n\t\t\t\t\t<div class=\"elementor-column elementor-col-100 elementor-top-column elementor-element elementor-element-78060d3\" data-id=\"78060d3\" data-element_type=\"column\" data-e-type=\"column\">\n\t\t\t<div class=\"elementor-widget-wrap elementor-element-populated\">\n\t\t\t\t\t\t<section class=\"elementor-section elementor-inner-section elementor-element elementor-element-bc70380 elementor-section-boxed elementor-section-height-default elementor-section-height-default\" data-id=\"bc70380\" data-element_type=\"section\" data-e-type=\"section\" data-settings=\"{&quot;jet_parallax_layout_list&quot;:[]}\">\n\t\t\t\t\t\t<div class=\"elementor-container elementor-column-gap-default\">\n\t\t\t\t\t<div class=\"elementor-column elementor-col-50 elementor-inner-column elementor-element elementor-element-d4cf9a2\" data-id=\"d4cf9a2\" data-element_type=\"column\" data-e-type=\"column\">\n\t\t\t<div class=\"elementor-widget-wrap elementor-element-populated\">\n\t\t\t\t\t\t<div class=\"elementor-element elementor-element-5240c27 elementor-widget elementor-widget-heading\" data-id=\"5240c27\" data-element_type=\"widget\" data-e-type=\"widget\" data-widget_type=\"heading.default\">\n\t\t\t\t<div class=\"elementor-widget-container\">\n\t\t\t\t\t<h1 class=\"elementor-heading-title elementor-size-default\">LIQUID FOODS: BEER, WINE, COCKTAILS, OIL...<\/h1>\t\t\t\t<\/div>\n\t\t\t\t<\/div>\n\t\t\t\t\t<\/div>\n\t\t<\/div>\n\t\t\t\t<div class=\"elementor-column elementor-col-50 elementor-inner-column elementor-element elementor-element-49c11b9\" data-id=\"49c11b9\" data-element_type=\"column\" data-e-type=\"column\">\n\t\t\t<div class=\"elementor-widget-wrap elementor-element-populated\">\n\t\t\t\t\t\t<div class=\"elementor-element elementor-element-d6b26d9 elementor-widget-divider--view-line elementor-widget elementor-widget-divider\" data-id=\"d6b26d9\" data-element_type=\"widget\" data-e-type=\"widget\" data-widget_type=\"divider.default\">\n\t\t\t\t<div class=\"elementor-widget-container\">\n\t\t\t\t\t\t\t<div class=\"elementor-divider\">\n\t\t\t<span class=\"elementor-divider-separator\">\n\t\t\t\t\t\t<\/span>\n\t\t<\/div>\n\t\t\t\t\t\t<\/div>\n\t\t\t\t<\/div>\n\t\t\t\t\t<\/div>\n\t\t<\/div>\n\t\t\t\t\t<\/div>\n\t\t<\/section>\n\t\t\t\t\t<\/div>\n\t\t<\/div>\n\t\t\t\t\t<\/div>\n\t\t<\/section>\n\t\t\t\t<section class=\"elementor-section elementor-top-section elementor-element elementor-element-adb8baf elementor-section-stretched elementor-section-boxed elementor-section-height-default elementor-section-height-default\" data-id=\"adb8baf\" data-element_type=\"section\" data-e-type=\"section\" data-settings=\"{&quot;stretch_section&quot;:&quot;section-stretched&quot;,&quot;jet_parallax_layout_list&quot;:[],&quot;background_background&quot;:&quot;classic&quot;}\">\n\t\t\t\t\t\t<div class=\"elementor-container elementor-column-gap-default\">\n\t\t\t\t\t<div class=\"elementor-column elementor-col-50 elementor-top-column elementor-element elementor-element-000587b link-shrink\" data-id=\"000587b\" data-element_type=\"column\" data-e-type=\"column\">\n\t\t\t<div class=\"elementor-widget-wrap elementor-element-populated\">\n\t\t\t\t\t\t<div class=\"elementor-element elementor-element-951826f elementor-widget elementor-widget-image\" data-id=\"951826f\" data-element_type=\"widget\" data-e-type=\"widget\" data-widget_type=\"image.default\">\n\t\t\t\t<div class=\"elementor-widget-container\">\n\t\t\t\t\t\t\t\t\t\t\t\t\t\t\t\t<a href=\"https:\/\/vin.ecofass.com\" target=\"_blank\">\n\t\t\t\t\t\t\t<img fetchpriority=\"high\" decoding=\"async\" width=\"1014\" height=\"525\" src=\"https:\/\/ecofass.com\/wp-content\/uploads\/2024\/02\/bouton-vin-ecofass-1.jpg\" class=\"attachment-large size-large wp-image-3397\" alt=\"\" srcset=\"https:\/\/ecofass.com\/wp-content\/uploads\/2024\/02\/bouton-vin-ecofass-1.jpg 1014w, https:\/\/ecofass.com\/wp-content\/uploads\/2024\/02\/bouton-vin-ecofass-1-300x155.jpg 300w, https:\/\/ecofass.com\/wp-content\/uploads\/2024\/02\/bouton-vin-ecofass-1-768x398.jpg 768w\" sizes=\"(max-width: 1014px) 100vw, 1014px\" \/>\t\t\t\t\t\t\t\t<\/a>\n\t\t\t\t\t\t\t\t\t\t\t\t\t\t\t<\/div>\n\t\t\t\t<\/div>\n\t\t\t\t\t<\/div>\n\t\t<\/div>\n\t\t\t\t<div class=\"elementor-column elementor-col-50 elementor-top-column elementor-element elementor-element-97d370b link-shrink\" data-id=\"97d370b\" data-element_type=\"column\" data-e-type=\"column\">\n\t\t\t<div class=\"elementor-widget-wrap elementor-element-populated\">\n\t\t\t\t\t\t<div class=\"elementor-element elementor-element-846083d elementor-widget elementor-widget-image\" data-id=\"846083d\" data-element_type=\"widget\" data-e-type=\"widget\" data-widget_type=\"image.default\">\n\t\t\t\t<div class=\"elementor-widget-container\">\n\t\t\t\t\t\t\t\t\t\t\t\t\t\t\t\t<a href=\"https:\/\/biere.ecofass.com\" target=\"_blank\">\n\t\t\t\t\t\t\t<img decoding=\"async\" width=\"1014\" height=\"525\" src=\"https:\/\/ecofass.com\/wp-content\/uploads\/2024\/02\/bouton-biere-ecofass-1.jpg\" class=\"attachment-large size-large wp-image-3398\" alt=\"\" srcset=\"https:\/\/ecofass.com\/wp-content\/uploads\/2024\/02\/bouton-biere-ecofass-1.jpg 1014w, https:\/\/ecofass.com\/wp-content\/uploads\/2024\/02\/bouton-biere-ecofass-1-300x155.jpg 300w, https:\/\/ecofass.com\/wp-content\/uploads\/2024\/02\/bouton-biere-ecofass-1-768x398.jpg 768w\" sizes=\"(max-width: 1014px) 100vw, 1014px\" \/>\t\t\t\t\t\t\t\t<\/a>\n\t\t\t\t\t\t\t\t\t\t\t\t\t\t\t<\/div>\n\t\t\t\t<\/div>\n\t\t\t\t\t<\/div>\n\t\t<\/div>\n\t\t\t\t\t<\/div>\n\t\t<\/section>\n\t\t\t\t<section class=\"elementor-section elementor-top-section elementor-element elementor-element-94774c9 elementor-section-stretched elementor-section-boxed elementor-section-height-default elementor-section-height-default\" data-id=\"94774c9\" data-element_type=\"section\" data-e-type=\"section\" data-settings=\"{&quot;stretch_section&quot;:&quot;section-stretched&quot;,&quot;jet_parallax_layout_list&quot;:[],&quot;background_background&quot;:&quot;classic&quot;}\">\n\t\t\t\t\t\t<div class=\"elementor-container elementor-column-gap-default\">\n\t\t\t\t\t<div class=\"elementor-column elementor-col-100 elementor-top-column elementor-element elementor-element-7613be0\" data-id=\"7613be0\" data-element_type=\"column\" data-e-type=\"column\">\n\t\t\t<div class=\"elementor-widget-wrap elementor-element-populated\">\n\t\t\t\t\t\t<div class=\"elementor-element elementor-element-d52e266 elementor-widget elementor-widget-text-editor\" data-id=\"d52e266\" data-element_type=\"widget\" data-e-type=\"widget\" data-widget_type=\"text-editor.default\">\n\t\t\t\t<div class=\"elementor-widget-container\">\n\t\t\t\t\t\t\t\t\t<p>The pouch inside the ECOFASS container is ideal for preserving all your liquids, whether food, non-food, industrial, pharmaceutical or hygienic.<\/p>\n\t\t\t\t\t\t\t\t<\/div>\n\t\t\t\t<\/div>\n\t\t\t\t<section class=\"elementor-section elementor-inner-section elementor-element elementor-element-1c14797 elementor-section-boxed elementor-section-height-default elementor-section-height-default\" data-id=\"1c14797\" data-element_type=\"section\" data-e-type=\"section\" data-settings=\"{&quot;jet_parallax_layout_list&quot;:[]}\">\n\t\t\t\t\t\t<div class=\"elementor-container elementor-column-gap-default\">\n\t\t\t\t\t<div class=\"elementor-column elementor-col-100 elementor-inner-column elementor-element elementor-element-7319c37\" data-id=\"7319c37\" data-element_type=\"column\" data-e-type=\"column\">\n\t\t\t<div class=\"elementor-widget-wrap elementor-element-populated\">\n\t\t\t\t\t\t<div class=\"elementor-element elementor-element-b43c59b elementor-blockquote--skin-quotation elementor-widget elementor-widget-blockquote\" data-id=\"b43c59b\" data-element_type=\"widget\" data-e-type=\"widget\" data-widget_type=\"blockquote.default\">\n\t\t\t\t<div class=\"elementor-widget-container\">\n\t\t\t\t\t\t\t<blockquote class=\"elementor-blockquote\">\n\t\t\t<p class=\"elementor-blockquote__content\">\n\t\t\t\tThe pouch guarantees longer preservation of the liquid without fear of altering taste or texture. The properties of your product are totally preserved, as it comes into contact with no gas. \t\t\t<\/p>\n\t\t\t\t\t\t\t<div class=\"e-q-footer\">\n\t\t\t\t\t\t\t\t\t\t\t<cite class=\"elementor-blockquote__author\">Claude GUENUCHOT, Pr\u00e9sident - Philippe DALLOZ, Directeur G\u00e9n\u00e9ral<\/cite>\n\t\t\t\t\t\t\t\t\t\t\t\t\t\t<\/div>\n\t\t\t\t\t<\/blockquote>\n\t\t\t\t\t\t<\/div>\n\t\t\t\t<\/div>\n\t\t\t\t<div class=\"elementor-element elementor-element-342141e elementor-widget__width-initial elementor-widget elementor-widget-image\" data-id=\"342141e\" data-element_type=\"widget\" data-e-type=\"widget\" data-widget_type=\"image.default\">\n\t\t\t\t<div class=\"elementor-widget-container\">\n\t\t\t\t\t\t\t\t\t\t\t\t\t\t\t<img decoding=\"async\" width=\"249\" height=\"211\" src=\"https:\/\/ecofass.com\/wp-content\/uploads\/2024\/02\/endQuotes.png\" class=\"attachment-large size-large wp-image-3394\" alt=\"\" \/>\t\t\t\t\t\t\t\t\t\t\t\t\t\t\t<\/div>\n\t\t\t\t<\/div>\n\t\t\t\t\t<\/div>\n\t\t<\/div>\n\t\t\t\t\t<\/div>\n\t\t<\/section>\n\t\t\t\t<div class=\"elementor-element elementor-element-909a082 elementor-widget elementor-widget-text-editor\" data-id=\"909a082\" data-element_type=\"widget\" data-e-type=\"widget\" data-widget_type=\"text-editor.default\">\n\t\t\t\t<div class=\"elementor-widget-container\">\n\t\t\t\t\t\t\t\t\t<p>Each container is fitted with a single-use plastic or aluminum inner bag, <strong>eliminating the need to inject specific gases when filling the liquid<\/strong>, and with no fear of mixing with the liquid.<\/p>\n\t\t\t\t\t\t\t\t<\/div>\n\t\t\t\t<\/div>\n\t\t\t\t\t<\/div>\n\t\t<\/div>\n\t\t\t\t\t<\/div>\n\t\t<\/section>\n\t\t\t\t<section class=\"elementor-section elementor-top-section elementor-element elementor-element-58b7d96 elementor-section-boxed elementor-section-height-default elementor-section-height-default\" data-id=\"58b7d96\" data-element_type=\"section\" data-e-type=\"section\" data-settings=\"{&quot;jet_parallax_layout_list&quot;:[]}\">\n\t\t\t\t\t\t<div class=\"elementor-container elementor-column-gap-default\">\n\t\t\t\t\t<div class=\"elementor-column elementor-col-100 elementor-top-column elementor-element elementor-element-6092b0a\" data-id=\"6092b0a\" data-element_type=\"column\" data-e-type=\"column\">\n\t\t\t<div class=\"elementor-widget-wrap elementor-element-populated\">\n\t\t\t\t\t\t<div class=\"elementor-element elementor-element-01715e8 elementor-widget elementor-widget-image\" data-id=\"01715e8\" data-element_type=\"widget\" data-e-type=\"widget\" data-widget_type=\"image.default\">\n\t\t\t\t<div class=\"elementor-widget-container\">\n\t\t\t\t\t\t\t\t\t\t\t\t\t\t\t<img loading=\"lazy\" decoding=\"async\" width=\"1024\" height=\"1120\" src=\"https:\/\/ecofass.com\/wp-content\/uploads\/2024\/02\/montage-fut-contenant-dalle-ecofass.jpg\" class=\"attachment-full size-full wp-image-3416\" alt=\"\" srcset=\"https:\/\/ecofass.com\/wp-content\/uploads\/2024\/02\/montage-fut-contenant-dalle-ecofass.jpg 1024w, https:\/\/ecofass.com\/wp-content\/uploads\/2024\/02\/montage-fut-contenant-dalle-ecofass-274x300.jpg 274w, https:\/\/ecofass.com\/wp-content\/uploads\/2024\/02\/montage-fut-contenant-dalle-ecofass-936x1024.jpg 936w, https:\/\/ecofass.com\/wp-content\/uploads\/2024\/02\/montage-fut-contenant-dalle-ecofass-768x840.jpg 768w\" sizes=\"(max-width: 1024px) 100vw, 1024px\" \/>\t\t\t\t\t\t\t\t\t\t\t\t\t\t\t<\/div>\n\t\t\t\t<\/div>\n\t\t\t\t\t<\/div>\n\t\t<\/div>\n\t\t\t\t\t<\/div>\n\t\t<\/section>\n\t\t\t\t<section class=\"elementor-section elementor-top-section elementor-element elementor-element-e663b91 elementor-section-full_width elementor-section-stretched elementor-section-height-default elementor-section-height-default\" data-id=\"e663b91\" data-element_type=\"section\" data-e-type=\"section\" data-settings=\"{&quot;stretch_section&quot;:&quot;section-stretched&quot;,&quot;jet_parallax_layout_list&quot;:[],&quot;background_background&quot;:&quot;classic&quot;}\">\n\t\t\t\t\t\t<div class=\"elementor-container elementor-column-gap-default\">\n\t\t\t\t\t<div class=\"elementor-column elementor-col-100 elementor-top-column elementor-element elementor-element-5f7e9eb\" data-id=\"5f7e9eb\" data-element_type=\"column\" data-e-type=\"column\">\n\t\t\t<div class=\"elementor-widget-wrap elementor-element-populated\">\n\t\t\t\t\t\t<div class=\"elementor-element elementor-element-0e224de elementor-widget elementor-widget-text-editor\" data-id=\"0e224de\" data-element_type=\"widget\" data-e-type=\"widget\" data-widget_type=\"text-editor.default\">\n\t\t\t\t<div class=\"elementor-widget-container\">\n\t\t\t\t\t\t\t\t\t<p>If you think we can meet your requirements, please contact us. Our R&amp;D department will study your request. <\/p>\n\t\t\t\t\t\t\t\t<\/div>\n\t\t\t\t<\/div>\n\t\t\t\t<div class=\"elementor-element elementor-element-581f598 elementor-button-info elementor-align-center elementor-widget elementor-widget-button\" data-id=\"581f598\" data-element_type=\"widget\" data-e-type=\"widget\" data-widget_type=\"button.default\">\n\t\t\t\t<div class=\"elementor-widget-container\">\n\t\t\t\t\t\t\t\t\t<div class=\"elementor-button-wrapper\">\n\t\t\t\t\t<a class=\"elementor-button elementor-button-link elementor-size-md\" href=\"https:\/\/ecofass.com\/nous-contacter\/\">\n\t\t\t\t\t\t<span class=\"elementor-button-content-wrapper\">\n\t\t\t\t\t\t\t\t\t<span class=\"elementor-button-text\">Contact us<\/span>\n\t\t\t\t\t<\/span>\n\t\t\t\t\t<\/a>\n\t\t\t\t<\/div>\n\t\t\t\t\t\t\t\t<\/div>\n\t\t\t\t<\/div>\n\t\t\t\t\t<\/div>\n\t\t<\/div>\n\t\t\t\t\t<\/div>\n\t\t<\/section>\n\t\t\t\t<\/div>\n\t\t","protected":false},"excerpt":{"rendered":"<p>LIQUID FOODS: BEER, WINE, COCKTAILS, OIL&#8230; The pouch inside the ECOFASS container is ideal for preserving all your liquids, whether food, non-food, industrial, pharmaceutical or hygienic. The pouch guarantees longer preservation of the liquid without fear of altering taste or texture. The properties of your product are totally preserved, as it comes into contact with [&hellip;]<\/p>\n","protected":false},"author":1,"featured_media":0,"parent":3424,"menu_order":0,"comment_status":"closed","ping_status":"closed","template":"","meta":{"_acf_changed":false,"footnotes":""},"class_list":["post-3441","page","type-page","status-publish","hentry"],"acf":[],"yoast_head":"<!-- This site is optimized with the Yoast SEO plugin v27.2 - https:\/\/yoast.com\/product\/yoast-seo-wordpress\/ -->\n<title>Liquids: beer, wine, cider, oil, etc. - Ecofass<\/title>\n<meta name=\"robots\" content=\"index, follow, max-snippet:-1, max-image-preview:large, max-video-preview:-1\" \/>\n<link rel=\"canonical\" href=\"https:\/\/ecofass.com\/en\/liquid-types\/liquids-beer-wine-cider-oil-etc\/\" \/>\n<meta property=\"og:locale\" content=\"en_US\" \/>\n<meta property=\"og:type\" content=\"article\" \/>\n<meta property=\"og:title\" content=\"Liquids: beer, wine, cider, oil, etc. - Ecofass\" \/>\n<meta property=\"og:description\" content=\"LIQUID FOODS: BEER, WINE, COCKTAILS, OIL&#8230; The pouch inside the ECOFASS container is ideal for preserving all your liquids, whether food, non-food, industrial, pharmaceutical or hygienic. The pouch guarantees longer preservation of the liquid without fear of altering taste or texture. The properties of your product are totally preserved, as it comes into contact with [&hellip;]\" \/>\n<meta property=\"og:url\" content=\"https:\/\/ecofass.com\/en\/liquid-types\/liquids-beer-wine-cider-oil-etc\/\" \/>\n<meta property=\"og:site_name\" content=\"Ecofass\" \/>\n<meta property=\"article:modified_time\" content=\"2024-10-29T11:21:35+00:00\" \/>\n<meta property=\"og:image\" content=\"https:\/\/ecofass.com\/wp-content\/uploads\/2024\/02\/bouton-vin-ecofass-1.jpg\" \/>\n<meta name=\"twitter:card\" content=\"summary_large_image\" \/>\n<meta name=\"twitter:label1\" content=\"Est. reading time\" \/>\n\t<meta name=\"twitter:data1\" content=\"1 minute\" \/>\n<script type=\"application\/ld+json\" class=\"yoast-schema-graph\">{\"@context\":\"https:\/\/schema.org\",\"@graph\":[{\"@type\":\"WebPage\",\"@id\":\"https:\/\/ecofass.com\/en\/liquid-types\/liquids-beer-wine-cider-oil-etc\/\",\"url\":\"https:\/\/ecofass.com\/en\/liquid-types\/liquids-beer-wine-cider-oil-etc\/\",\"name\":\"Liquids: beer, wine, cider, oil, etc. - Ecofass\",\"isPartOf\":{\"@id\":\"https:\/\/ecofass.com\/en\/#website\"},\"primaryImageOfPage\":{\"@id\":\"https:\/\/ecofass.com\/en\/liquid-types\/liquids-beer-wine-cider-oil-etc\/#primaryimage\"},\"image\":{\"@id\":\"https:\/\/ecofass.com\/en\/liquid-types\/liquids-beer-wine-cider-oil-etc\/#primaryimage\"},\"thumbnailUrl\":\"https:\/\/ecofass.com\/wp-content\/uploads\/2024\/02\/bouton-vin-ecofass-1.jpg\",\"datePublished\":\"2022-10-17T09:03:14+00:00\",\"dateModified\":\"2024-10-29T11:21:35+00:00\",\"breadcrumb\":{\"@id\":\"https:\/\/ecofass.com\/en\/liquid-types\/liquids-beer-wine-cider-oil-etc\/#breadcrumb\"},\"inLanguage\":\"en-US\",\"potentialAction\":[{\"@type\":\"ReadAction\",\"target\":[\"https:\/\/ecofass.com\/en\/liquid-types\/liquids-beer-wine-cider-oil-etc\/\"]}]},{\"@type\":\"ImageObject\",\"inLanguage\":\"en-US\",\"@id\":\"https:\/\/ecofass.com\/en\/liquid-types\/liquids-beer-wine-cider-oil-etc\/#primaryimage\",\"url\":\"https:\/\/ecofass.com\/wp-content\/uploads\/2024\/02\/bouton-vin-ecofass-1.jpg\",\"contentUrl\":\"https:\/\/ecofass.com\/wp-content\/uploads\/2024\/02\/bouton-vin-ecofass-1.jpg\"},{\"@type\":\"BreadcrumbList\",\"@id\":\"https:\/\/ecofass.com\/en\/liquid-types\/liquids-beer-wine-cider-oil-etc\/#breadcrumb\",\"itemListElement\":[{\"@type\":\"ListItem\",\"position\":1,\"name\":\"Accueil\",\"item\":\"https:\/\/ecofass.com\/en\/\"},{\"@type\":\"ListItem\",\"position\":2,\"name\":\"Liquid types\",\"item\":\"https:\/\/ecofass.com\/en\/liquid-types\/\"},{\"@type\":\"ListItem\",\"position\":3,\"name\":\"Liquids: beer, wine, cider, oil, etc.\"}]},{\"@type\":\"WebSite\",\"@id\":\"https:\/\/ecofass.com\/en\/#website\",\"url\":\"https:\/\/ecofass.com\/en\/\",\"name\":\"Ecofass\",\"description\":\"\",\"potentialAction\":[{\"@type\":\"SearchAction\",\"target\":{\"@type\":\"EntryPoint\",\"urlTemplate\":\"https:\/\/ecofass.com\/en\/?s={search_term_string}\"},\"query-input\":{\"@type\":\"PropertyValueSpecification\",\"valueRequired\":true,\"valueName\":\"search_term_string\"}}],\"inLanguage\":\"en-US\"}]}<\/script>\n<!-- \/ Yoast SEO plugin. -->","yoast_head_json":{"title":"Liquids: beer, wine, cider, oil, etc. - Ecofass","robots":{"index":"index","follow":"follow","max-snippet":"max-snippet:-1","max-image-preview":"max-image-preview:large","max-video-preview":"max-video-preview:-1"},"canonical":"https:\/\/ecofass.com\/en\/liquid-types\/liquids-beer-wine-cider-oil-etc\/","og_locale":"en_US","og_type":"article","og_title":"Liquids: beer, wine, cider, oil, etc. - Ecofass","og_description":"LIQUID FOODS: BEER, WINE, COCKTAILS, OIL&#8230; The pouch inside the ECOFASS container is ideal for preserving all your liquids, whether food, non-food, industrial, pharmaceutical or hygienic. The pouch guarantees longer preservation of the liquid without fear of altering taste or texture. The properties of your product are totally preserved, as it comes into contact with [&hellip;]","og_url":"https:\/\/ecofass.com\/en\/liquid-types\/liquids-beer-wine-cider-oil-etc\/","og_site_name":"Ecofass","article_modified_time":"2024-10-29T11:21:35+00:00","og_image":[{"url":"https:\/\/ecofass.com\/wp-content\/uploads\/2024\/02\/bouton-vin-ecofass-1.jpg","type":"","width":"","height":""}],"twitter_card":"summary_large_image","twitter_misc":{"Est. reading time":"1 minute"},"schema":{"@context":"https:\/\/schema.org","@graph":[{"@type":"WebPage","@id":"https:\/\/ecofass.com\/en\/liquid-types\/liquids-beer-wine-cider-oil-etc\/","url":"https:\/\/ecofass.com\/en\/liquid-types\/liquids-beer-wine-cider-oil-etc\/","name":"Liquids: beer, wine, cider, oil, etc. - Ecofass","isPartOf":{"@id":"https:\/\/ecofass.com\/en\/#website"},"primaryImageOfPage":{"@id":"https:\/\/ecofass.com\/en\/liquid-types\/liquids-beer-wine-cider-oil-etc\/#primaryimage"},"image":{"@id":"https:\/\/ecofass.com\/en\/liquid-types\/liquids-beer-wine-cider-oil-etc\/#primaryimage"},"thumbnailUrl":"https:\/\/ecofass.com\/wp-content\/uploads\/2024\/02\/bouton-vin-ecofass-1.jpg","datePublished":"2022-10-17T09:03:14+00:00","dateModified":"2024-10-29T11:21:35+00:00","breadcrumb":{"@id":"https:\/\/ecofass.com\/en\/liquid-types\/liquids-beer-wine-cider-oil-etc\/#breadcrumb"},"inLanguage":"en-US","potentialAction":[{"@type":"ReadAction","target":["https:\/\/ecofass.com\/en\/liquid-types\/liquids-beer-wine-cider-oil-etc\/"]}]},{"@type":"ImageObject","inLanguage":"en-US","@id":"https:\/\/ecofass.com\/en\/liquid-types\/liquids-beer-wine-cider-oil-etc\/#primaryimage","url":"https:\/\/ecofass.com\/wp-content\/uploads\/2024\/02\/bouton-vin-ecofass-1.jpg","contentUrl":"https:\/\/ecofass.com\/wp-content\/uploads\/2024\/02\/bouton-vin-ecofass-1.jpg"},{"@type":"BreadcrumbList","@id":"https:\/\/ecofass.com\/en\/liquid-types\/liquids-beer-wine-cider-oil-etc\/#breadcrumb","itemListElement":[{"@type":"ListItem","position":1,"name":"Accueil","item":"https:\/\/ecofass.com\/en\/"},{"@type":"ListItem","position":2,"name":"Liquid types","item":"https:\/\/ecofass.com\/en\/liquid-types\/"},{"@type":"ListItem","position":3,"name":"Liquids: beer, wine, cider, oil, etc."}]},{"@type":"WebSite","@id":"https:\/\/ecofass.com\/en\/#website","url":"https:\/\/ecofass.com\/en\/","name":"Ecofass","description":"","potentialAction":[{"@type":"SearchAction","target":{"@type":"EntryPoint","urlTemplate":"https:\/\/ecofass.com\/en\/?s={search_term_string}"},"query-input":{"@type":"PropertyValueSpecification","valueRequired":true,"valueName":"search_term_string"}}],"inLanguage":"en-US"}]}},"_links":{"self":[{"href":"https:\/\/ecofass.com\/en\/wp-json\/wp\/v2\/pages\/3441","targetHints":{"allow":["GET"]}}],"collection":[{"href":"https:\/\/ecofass.com\/en\/wp-json\/wp\/v2\/pages"}],"about":[{"href":"https:\/\/ecofass.com\/en\/wp-json\/wp\/v2\/types\/page"}],"author":[{"embeddable":true,"href":"https:\/\/ecofass.com\/en\/wp-json\/wp\/v2\/users\/1"}],"replies":[{"embeddable":true,"href":"https:\/\/ecofass.com\/en\/wp-json\/wp\/v2\/comments?post=3441"}],"version-history":[{"count":4,"href":"https:\/\/ecofass.com\/en\/wp-json\/wp\/v2\/pages\/3441\/revisions"}],"predecessor-version":[{"id":3460,"href":"https:\/\/ecofass.com\/en\/wp-json\/wp\/v2\/pages\/3441\/revisions\/3460"}],"up":[{"embeddable":true,"href":"https:\/\/ecofass.com\/en\/wp-json\/wp\/v2\/pages\/3424"}],"wp:attachment":[{"href":"https:\/\/ecofass.com\/en\/wp-json\/wp\/v2\/media?parent=3441"}],"curies":[{"name":"wp","href":"https:\/\/api.w.org\/{rel}","templated":true}]}}