{"id":3421,"date":"2022-02-15T10:16:35","date_gmt":"2022-02-15T09:16:35","guid":{"rendered":"https:\/\/ecofass.com\/racking-equipment\/"},"modified":"2024-10-29T12:21:40","modified_gmt":"2024-10-29T11:21:40","slug":"racking-equipment","status":"publish","type":"page","link":"https:\/\/ecofass.com\/en\/products-and-accessories\/racking-equipment\/","title":{"rendered":"Racking equipment"},"content":{"rendered":"\t\t<div data-elementor-type=\"wp-page\" data-elementor-id=\"3421\" class=\"elementor elementor-3421 elementor-262\" data-elementor-post-type=\"page\">\n\t\t\t\t\t\t<section class=\"elementor-section elementor-top-section elementor-element elementor-element-473d379 elementor-section-full_width elementor-section-height-default elementor-section-height-default\" data-id=\"473d379\" data-element_type=\"section\" data-e-type=\"section\" data-settings=\"{&quot;jet_parallax_layout_list&quot;:[]}\">\n\t\t\t\t\t\t<div class=\"elementor-container elementor-column-gap-no\">\n\t\t\t\t\t<div class=\"elementor-column elementor-col-100 elementor-top-column elementor-element elementor-element-18c0471\" data-id=\"18c0471\" data-element_type=\"column\" data-e-type=\"column\" data-settings=\"{&quot;background_background&quot;:&quot;classic&quot;}\">\n\t\t\t<div class=\"elementor-widget-wrap elementor-element-populated\">\n\t\t\t\t\t\t<div class=\"elementor-element elementor-element-f44d719 elementor-widget elementor-widget-heading\" data-id=\"f44d719\" data-element_type=\"widget\" data-e-type=\"widget\" data-widget_type=\"heading.default\">\n\t\t\t\t<div class=\"elementor-widget-container\">\n\t\t\t\t\t<h1 class=\"elementor-heading-title elementor-size-default\">Racking equipment<\/h1>\t\t\t\t<\/div>\n\t\t\t\t<\/div>\n\t\t\t\t\t<\/div>\n\t\t<\/div>\n\t\t\t\t\t<\/div>\n\t\t<\/section>\n\t\t\t\t<section class=\"elementor-section elementor-top-section elementor-element elementor-element-657ae1a elementor-section-boxed elementor-section-height-default elementor-section-height-default\" data-id=\"657ae1a\" data-element_type=\"section\" data-e-type=\"section\" data-settings=\"{&quot;jet_parallax_layout_list&quot;:[]}\">\n\t\t\t\t\t\t<div class=\"elementor-container elementor-column-gap-default\">\n\t\t\t\t\t<div class=\"elementor-column elementor-col-100 elementor-top-column elementor-element elementor-element-d65bdd1\" data-id=\"d65bdd1\" data-element_type=\"column\" data-e-type=\"column\">\n\t\t\t<div class=\"elementor-widget-wrap elementor-element-populated\">\n\t\t\t\t\t\t<div class=\"elementor-element elementor-element-8ec6a89 elementor-widget elementor-widget-raven-flex-spacer\" data-id=\"8ec6a89\" data-element_type=\"widget\" data-e-type=\"widget\" data-widget_type=\"raven-flex-spacer.default\">\n\t\t\t\t<div class=\"elementor-widget-container\">\n\t\t\t\t\t\t\t\t<div class=\"raven-spacer\">&nbsp;<\/div>\n\t\t\t\t\t\t<\/div>\n\t\t\t\t<\/div>\n\t\t\t\t\t<\/div>\n\t\t<\/div>\n\t\t\t\t\t<\/div>\n\t\t<\/section>\n\t\t\t\t<section class=\"elementor-section elementor-top-section elementor-element elementor-element-cf191ff elementor-section-boxed elementor-section-height-default elementor-section-height-default\" data-id=\"cf191ff\" data-element_type=\"section\" data-e-type=\"section\" data-settings=\"{&quot;jet_parallax_layout_list&quot;:[]}\">\n\t\t\t\t\t\t<div class=\"elementor-container elementor-column-gap-default\">\n\t\t\t\t\t<div class=\"elementor-column elementor-col-100 elementor-top-column elementor-element elementor-element-bc3d9d3\" data-id=\"bc3d9d3\" data-element_type=\"column\" data-e-type=\"column\">\n\t\t\t<div class=\"elementor-widget-wrap elementor-element-populated\">\n\t\t\t\t\t\t<div class=\"elementor-element elementor-element-2d49b26 elementor-widget elementor-widget-heading\" data-id=\"2d49b26\" data-element_type=\"widget\" data-e-type=\"widget\" data-widget_type=\"heading.default\">\n\t\t\t\t<div class=\"elementor-widget-container\">\n\t\t\t\t\t<h2 class=\"elementor-heading-title elementor-size-default\">A loading machine for every type of use<\/h2>\t\t\t\t<\/div>\n\t\t\t\t<\/div>\n\t\t\t\t\t<\/div>\n\t\t<\/div>\n\t\t\t\t\t<\/div>\n\t\t<\/section>\n\t\t\t\t<section class=\"elementor-section elementor-top-section elementor-element elementor-element-c198bf0 elementor-section-boxed elementor-section-height-default elementor-section-height-default\" data-id=\"c198bf0\" data-element_type=\"section\" data-e-type=\"section\" data-settings=\"{&quot;jet_parallax_layout_list&quot;:[]}\">\n\t\t\t\t\t\t<div class=\"elementor-container elementor-column-gap-default\">\n\t\t\t\t\t<div class=\"elementor-column elementor-col-100 elementor-top-column elementor-element elementor-element-2f66328\" data-id=\"2f66328\" data-element_type=\"column\" data-e-type=\"column\">\n\t\t\t<div class=\"elementor-widget-wrap elementor-element-populated\">\n\t\t\t\t\t\t<div class=\"elementor-element elementor-element-01950b7 elementor-widget elementor-widget-raven-flex-spacer\" data-id=\"01950b7\" data-element_type=\"widget\" data-e-type=\"widget\" data-widget_type=\"raven-flex-spacer.default\">\n\t\t\t\t<div class=\"elementor-widget-container\">\n\t\t\t\t\t\t\t\t<div class=\"raven-spacer\">&nbsp;<\/div>\n\t\t\t\t\t\t<\/div>\n\t\t\t\t<\/div>\n\t\t\t\t\t<\/div>\n\t\t<\/div>\n\t\t\t\t\t<\/div>\n\t\t<\/section>\n\t\t\t\t<section class=\"elementor-section elementor-top-section elementor-element elementor-element-99f35e8 elementor-section-full_width elementor-section-height-default elementor-section-height-default\" data-id=\"99f35e8\" data-element_type=\"section\" data-e-type=\"section\" data-settings=\"{&quot;jet_parallax_layout_list&quot;:[]}\">\n\t\t\t\t\t\t<div class=\"elementor-container elementor-column-gap-default\">\n\t\t\t\t\t<div class=\"elementor-column elementor-col-100 elementor-top-column elementor-element elementor-element-1c997b5\" data-id=\"1c997b5\" data-element_type=\"column\" data-e-type=\"column\">\n\t\t\t<div class=\"elementor-widget-wrap elementor-element-populated\">\n\t\t\t\t\t\t<div class=\"elementor-element elementor-element-02b85de elementor-widget elementor-widget-heading\" data-id=\"02b85de\" data-element_type=\"widget\" data-e-type=\"widget\" data-widget_type=\"heading.default\">\n\t\t\t\t<div class=\"elementor-widget-container\">\n\t\t\t\t\t<h3 class=\"elementor-heading-title elementor-size-default\">3 mod\u00e8les disponibles<\/h3>\t\t\t\t<\/div>\n\t\t\t\t<\/div>\n\t\t\t\t\t<\/div>\n\t\t<\/div>\n\t\t\t\t\t<\/div>\n\t\t<\/section>\n\t\t\t\t<section class=\"elementor-section elementor-top-section elementor-element elementor-element-4f58113 elementor-section-boxed elementor-section-height-default elementor-section-height-default\" data-id=\"4f58113\" data-element_type=\"section\" data-e-type=\"section\" id=\"enfuteuse-manuelle\" data-settings=\"{&quot;jet_parallax_layout_list&quot;:[]}\">\n\t\t\t\t\t\t<div class=\"elementor-container elementor-column-gap-default\">\n\t\t\t\t\t<div class=\"elementor-column elementor-col-100 elementor-top-column elementor-element elementor-element-9159985\" data-id=\"9159985\" data-element_type=\"column\" data-e-type=\"column\">\n\t\t\t<div class=\"elementor-widget-wrap elementor-element-populated\">\n\t\t\t\t\t\t<div class=\"elementor-element elementor-element-9b5d873 elementor-widget elementor-widget-jet-images-layout\" data-id=\"9b5d873\" data-element_type=\"widget\" data-e-type=\"widget\" data-settings=\"{&quot;columns&quot;:3}\" data-widget_type=\"jet-images-layout.default\">\n\t\t\t\t<div class=\"elementor-widget-container\">\n\t\t\t\t\t<div class=\"elementor-jet-images-layout jet-elements\">\n<div class=\"jet-images-layout layout-type-masonry\" data-settings='{&quot;layoutType&quot;:&quot;masonry&quot;,&quot;justifyHeight&quot;:300}'>\n\t<div class=\"jet-images-layout__list salvattore column-desktop-3 column-tablet-2 column-mobile-1\" data-columns>\n<div class=\"jet-images-layout__item \">\n\t<div class=\"jet-images-layout__inner\">\n\t\t<div class=\"jet-images-layout__image-loader\"><span><\/span><\/div>\n\t\t<a class=\"jet-images-layout__link \" href=\"https:\/\/ecofass.com\/wp-content\/uploads\/2022\/02\/enfuteuse-manuelle.jpeg\" data-elementor-open-lightbox=\"yes\" data-elementor-lightbox-slideshow=\"9b5d873\">\n\t\t\t<div class=\"jet-images-layout__image\">\n\t\t\t\t<img decoding=\"async\" class=\"jet-images-layout__image-instance\" src=\"https:\/\/ecofass.com\/wp-content\/uploads\/2022\/02\/enfuteuse-manuelle.jpeg\" alt=\"enfuteuse-manuelle\" loading=\"lazy\">\t\t\t<\/div>\n\t\t\t<div class=\"jet-images-layout__content\"><\/div>\n\t\t<\/a>\n\t<\/div>\n<\/div>\n<div class=\"jet-images-layout__item \">\n\t<div class=\"jet-images-layout__inner\">\n\t\t<div class=\"jet-images-layout__image-loader\"><span><\/span><\/div>\n\t\t<a class=\"jet-images-layout__link \" href=\"https:\/\/ecofass.com\/wp-content\/uploads\/2022\/02\/enfuteuse-semi-auto.jpeg\" data-elementor-open-lightbox=\"yes\" data-elementor-lightbox-slideshow=\"9b5d873\">\n\t\t\t<div class=\"jet-images-layout__image\">\n\t\t\t\t<img decoding=\"async\" class=\"jet-images-layout__image-instance\" src=\"https:\/\/ecofass.com\/wp-content\/uploads\/2022\/02\/enfuteuse-semi-auto-500x500.jpeg\" alt=\"enfuteuse-semi-auto\" loading=\"lazy\">\t\t\t<\/div>\n\t\t\t<div class=\"jet-images-layout__content\"><\/div>\n\t\t<\/a>\n\t<\/div>\n<\/div>\n<div class=\"jet-images-layout__item \">\n\t<div class=\"jet-images-layout__inner\">\n\t\t<div class=\"jet-images-layout__image-loader\"><span><\/span><\/div>\n\t\t<a class=\"jet-images-layout__link \" href=\"https:\/\/ecofass.com\/wp-content\/uploads\/2022\/02\/enfutage-auto.jpeg\" data-elementor-open-lightbox=\"yes\" data-elementor-lightbox-slideshow=\"9b5d873\">\n\t\t\t<div class=\"jet-images-layout__image\">\n\t\t\t\t<img decoding=\"async\" class=\"jet-images-layout__image-instance\" src=\"https:\/\/ecofass.com\/wp-content\/uploads\/2022\/02\/enfutage-auto-500x500.jpeg\" alt=\"enfutage-auto\" loading=\"lazy\">\t\t\t<\/div>\n\t\t\t<div class=\"jet-images-layout__content\"><\/div>\n\t\t<\/a>\n\t<\/div>\n<\/div>\n<\/div><\/div>\n<\/div>\t\t\t\t<\/div>\n\t\t\t\t<\/div>\n\t\t\t\t\t<\/div>\n\t\t<\/div>\n\t\t\t\t\t<\/div>\n\t\t<\/section>\n\t\t\t\t<section class=\"elementor-section elementor-top-section elementor-element elementor-element-040b0e1 elementor-section-boxed elementor-section-height-default elementor-section-height-default\" data-id=\"040b0e1\" data-element_type=\"section\" data-e-type=\"section\" data-settings=\"{&quot;jet_parallax_layout_list&quot;:[]}\">\n\t\t\t\t\t\t<div class=\"elementor-container elementor-column-gap-default\">\n\t\t\t\t\t<div class=\"elementor-column elementor-col-33 elementor-top-column elementor-element elementor-element-864fe8a\" data-id=\"864fe8a\" data-element_type=\"column\" data-e-type=\"column\">\n\t\t\t<div class=\"elementor-widget-wrap elementor-element-populated\">\n\t\t\t\t\t\t<div class=\"elementor-element elementor-element-6e5705a elementor-widget elementor-widget-text-editor\" data-id=\"6e5705a\" data-element_type=\"widget\" data-e-type=\"widget\" data-widget_type=\"text-editor.default\">\n\t\t\t\t<div class=\"elementor-widget-container\">\n\t\t\t\t\t\t\t\t\t<p>Enf\u00fbteuse manuelle<\/p>\n\t\t\t\t\t\t\t\t<\/div>\n\t\t\t\t<\/div>\n\t\t\t\t\t<\/div>\n\t\t<\/div>\n\t\t\t\t<div class=\"elementor-column elementor-col-33 elementor-top-column elementor-element elementor-element-3ca1d77\" data-id=\"3ca1d77\" data-element_type=\"column\" data-e-type=\"column\">\n\t\t\t<div class=\"elementor-widget-wrap elementor-element-populated\">\n\t\t\t\t\t\t<div class=\"elementor-element elementor-element-4cdae4d elementor-widget elementor-widget-text-editor\" data-id=\"4cdae4d\" data-element_type=\"widget\" data-e-type=\"widget\" data-widget_type=\"text-editor.default\">\n\t\t\t\t<div class=\"elementor-widget-container\">\n\t\t\t\t\t\t\t\t\t<p>Enf\u00fbteuse semi-automatique<\/p>\n\t\t\t\t\t\t\t\t<\/div>\n\t\t\t\t<\/div>\n\t\t\t\t\t<\/div>\n\t\t<\/div>\n\t\t\t\t<div class=\"elementor-column elementor-col-33 elementor-top-column elementor-element elementor-element-4a4b8de\" data-id=\"4a4b8de\" data-element_type=\"column\" data-e-type=\"column\">\n\t\t\t<div class=\"elementor-widget-wrap elementor-element-populated\">\n\t\t\t\t\t\t<div class=\"elementor-element elementor-element-4cdba99 elementor-widget elementor-widget-text-editor\" data-id=\"4cdba99\" data-element_type=\"widget\" data-e-type=\"widget\" data-widget_type=\"text-editor.default\">\n\t\t\t\t<div class=\"elementor-widget-container\">\n\t\t\t\t\t\t\t\t\t<p>Enf\u00fbteuse automatique<\/p>\n\t\t\t\t\t\t\t\t<\/div>\n\t\t\t\t<\/div>\n\t\t\t\t\t<\/div>\n\t\t<\/div>\n\t\t\t\t\t<\/div>\n\t\t<\/section>\n\t\t\t\t<section class=\"elementor-section elementor-top-section elementor-element elementor-element-ff7013c elementor-section-boxed elementor-section-height-default elementor-section-height-default\" data-id=\"ff7013c\" data-element_type=\"section\" data-e-type=\"section\" data-settings=\"{&quot;jet_parallax_layout_list&quot;:[]}\">\n\t\t\t\t\t\t<div class=\"elementor-container elementor-column-gap-default\">\n\t\t\t\t\t<div class=\"elementor-column elementor-col-100 elementor-top-column elementor-element elementor-element-f1dc446\" data-id=\"f1dc446\" data-element_type=\"column\" data-e-type=\"column\">\n\t\t\t<div class=\"elementor-widget-wrap elementor-element-populated\">\n\t\t\t\t\t\t<div class=\"elementor-element elementor-element-fd7f788 elementor-widget elementor-widget-text-editor\" data-id=\"fd7f788\" data-element_type=\"widget\" data-e-type=\"widget\" data-widget_type=\"text-editor.default\">\n\t\t\t\t<div class=\"elementor-widget-container\">\n\t\t\t\t\t\t\t\t\t<p>REMARQUES :<\/p>\n<ul>\n<li>MANDATORY REVERSE FILLING<\/li>\n<li>Filling the drum with a pump or directly from a pre-saturated tank<\/li>\n<\/ul>\n<p>On request, we can provide a list of manufacturers of automatic filling machines compatible with Ecofass drums.<\/p>\n\t\t\t\t\t\t\t\t<\/div>\n\t\t\t\t<\/div>\n\t\t\t\t<div class=\"elementor-element elementor-element-1c79749 elementor-widget elementor-widget-raven-flex-spacer\" data-id=\"1c79749\" data-element_type=\"widget\" data-e-type=\"widget\" data-widget_type=\"raven-flex-spacer.default\">\n\t\t\t\t<div class=\"elementor-widget-container\">\n\t\t\t\t\t\t\t\t<div class=\"raven-spacer\">&nbsp;<\/div>\n\t\t\t\t\t\t<\/div>\n\t\t\t\t<\/div>\n\t\t\t\t\t<\/div>\n\t\t<\/div>\n\t\t\t\t\t<\/div>\n\t\t<\/section>\n\t\t\t\t<section class=\"elementor-section elementor-top-section elementor-element elementor-element-b20de68 elementor-section-boxed elementor-section-height-default elementor-section-height-default\" data-id=\"b20de68\" data-element_type=\"section\" data-e-type=\"section\" data-settings=\"{&quot;jet_parallax_layout_list&quot;:[]}\">\n\t\t\t\t\t\t<div class=\"elementor-container elementor-column-gap-default\">\n\t\t\t\t\t<div class=\"elementor-column elementor-col-100 elementor-top-column elementor-element elementor-element-e8a37d7\" data-id=\"e8a37d7\" data-element_type=\"column\" data-e-type=\"column\">\n\t\t\t<div class=\"elementor-widget-wrap elementor-element-populated\">\n\t\t\t\t\t\t<div class=\"elementor-element elementor-element-aac925e elementor-widget elementor-widget-raven-flex-spacer\" data-id=\"aac925e\" data-element_type=\"widget\" data-e-type=\"widget\" data-widget_type=\"raven-flex-spacer.default\">\n\t\t\t\t<div class=\"elementor-widget-container\">\n\t\t\t\t\t\t\t\t<div class=\"raven-spacer\">&nbsp;<\/div>\n\t\t\t\t\t\t<\/div>\n\t\t\t\t<\/div>\n\t\t\t\t\t<\/div>\n\t\t<\/div>\n\t\t\t\t\t<\/div>\n\t\t<\/section>\n\t\t\t\t<\/div>\n\t\t","protected":false},"excerpt":{"rendered":"<p>&nbsp; A loading machine for every type of use &nbsp; 3 mod\u00e8les disponibles Enf\u00fbteuse manuelle Enf\u00fbteuse semi-automatique Enf\u00fbteuse automatique REMARQUES : MANDATORY REVERSE FILLING Filling the drum with a pump or directly from a pre-saturated tank On request, we can provide a list of manufacturers of automatic filling machines compatible with Ecofass drums. &nbsp; &nbsp;<\/p>\n","protected":false},"author":1,"featured_media":0,"parent":3422,"menu_order":0,"comment_status":"closed","ping_status":"closed","template":"full-width.php","meta":{"_acf_changed":false,"footnotes":""},"class_list":["post-3421","page","type-page","status-publish","hentry"],"acf":[],"yoast_head":"<!-- This site is optimized with the Yoast SEO plugin v27.2 - https:\/\/yoast.com\/product\/yoast-seo-wordpress\/ -->\n<title>Racking equipment - Ecofass<\/title>\n<meta name=\"robots\" content=\"index, follow, max-snippet:-1, max-image-preview:large, max-video-preview:-1\" \/>\n<link rel=\"canonical\" href=\"https:\/\/ecofass.com\/en\/products-and-accessories\/racking-equipment\/\" \/>\n<meta property=\"og:locale\" content=\"en_US\" \/>\n<meta property=\"og:type\" content=\"article\" \/>\n<meta property=\"og:title\" content=\"Racking equipment - Ecofass\" \/>\n<meta property=\"og:description\" content=\"&nbsp; A loading machine for every type of use &nbsp; 3 mod\u00e8les disponibles Enf\u00fbteuse manuelle Enf\u00fbteuse semi-automatique Enf\u00fbteuse automatique REMARQUES : MANDATORY REVERSE FILLING Filling the drum with a pump or directly from a pre-saturated tank On request, we can provide a list of manufacturers of automatic filling machines compatible with Ecofass drums. &nbsp; &nbsp;\" \/>\n<meta property=\"og:url\" content=\"https:\/\/ecofass.com\/en\/products-and-accessories\/racking-equipment\/\" \/>\n<meta property=\"og:site_name\" content=\"Ecofass\" \/>\n<meta property=\"article:modified_time\" content=\"2024-10-29T11:21:40+00:00\" \/>\n<meta property=\"og:image\" content=\"https:\/\/ecofass.com\/wp-content\/uploads\/2022\/02\/enfuteuse-manuelle.jpeg\" \/>\n<meta name=\"twitter:card\" content=\"summary_large_image\" \/>\n<script type=\"application\/ld+json\" class=\"yoast-schema-graph\">{\"@context\":\"https:\/\/schema.org\",\"@graph\":[{\"@type\":\"WebPage\",\"@id\":\"https:\/\/ecofass.com\/en\/products-and-accessories\/racking-equipment\/\",\"url\":\"https:\/\/ecofass.com\/en\/products-and-accessories\/racking-equipment\/\",\"name\":\"Racking equipment - Ecofass\",\"isPartOf\":{\"@id\":\"https:\/\/ecofass.com\/en\/#website\"},\"primaryImageOfPage\":{\"@id\":\"https:\/\/ecofass.com\/en\/products-and-accessories\/racking-equipment\/#primaryimage\"},\"image\":{\"@id\":\"https:\/\/ecofass.com\/en\/products-and-accessories\/racking-equipment\/#primaryimage\"},\"thumbnailUrl\":\"https:\/\/ecofass.com\/wp-content\/uploads\/2022\/02\/enfuteuse-manuelle.jpeg\",\"datePublished\":\"2022-02-15T09:16:35+00:00\",\"dateModified\":\"2024-10-29T11:21:40+00:00\",\"breadcrumb\":{\"@id\":\"https:\/\/ecofass.com\/en\/products-and-accessories\/racking-equipment\/#breadcrumb\"},\"inLanguage\":\"en-US\",\"potentialAction\":[{\"@type\":\"ReadAction\",\"target\":[\"https:\/\/ecofass.com\/en\/products-and-accessories\/racking-equipment\/\"]}]},{\"@type\":\"ImageObject\",\"inLanguage\":\"en-US\",\"@id\":\"https:\/\/ecofass.com\/en\/products-and-accessories\/racking-equipment\/#primaryimage\",\"url\":\"https:\/\/ecofass.com\/wp-content\/uploads\/2022\/02\/enfuteuse-manuelle.jpeg\",\"contentUrl\":\"https:\/\/ecofass.com\/wp-content\/uploads\/2022\/02\/enfuteuse-manuelle.jpeg\"},{\"@type\":\"BreadcrumbList\",\"@id\":\"https:\/\/ecofass.com\/en\/products-and-accessories\/racking-equipment\/#breadcrumb\",\"itemListElement\":[{\"@type\":\"ListItem\",\"position\":1,\"name\":\"Accueil\",\"item\":\"https:\/\/ecofass.com\/en\/\"},{\"@type\":\"ListItem\",\"position\":2,\"name\":\"Products and accessories\",\"item\":\"https:\/\/ecofass.com\/en\/products-and-accessories\/\"},{\"@type\":\"ListItem\",\"position\":3,\"name\":\"Racking equipment\"}]},{\"@type\":\"WebSite\",\"@id\":\"https:\/\/ecofass.com\/en\/#website\",\"url\":\"https:\/\/ecofass.com\/en\/\",\"name\":\"Ecofass\",\"description\":\"\",\"potentialAction\":[{\"@type\":\"SearchAction\",\"target\":{\"@type\":\"EntryPoint\",\"urlTemplate\":\"https:\/\/ecofass.com\/en\/?s={search_term_string}\"},\"query-input\":{\"@type\":\"PropertyValueSpecification\",\"valueRequired\":true,\"valueName\":\"search_term_string\"}}],\"inLanguage\":\"en-US\"}]}<\/script>\n<!-- \/ Yoast SEO plugin. -->","yoast_head_json":{"title":"Racking equipment - Ecofass","robots":{"index":"index","follow":"follow","max-snippet":"max-snippet:-1","max-image-preview":"max-image-preview:large","max-video-preview":"max-video-preview:-1"},"canonical":"https:\/\/ecofass.com\/en\/products-and-accessories\/racking-equipment\/","og_locale":"en_US","og_type":"article","og_title":"Racking equipment - Ecofass","og_description":"&nbsp; A loading machine for every type of use &nbsp; 3 mod\u00e8les disponibles Enf\u00fbteuse manuelle Enf\u00fbteuse semi-automatique Enf\u00fbteuse automatique REMARQUES : MANDATORY REVERSE FILLING Filling the drum with a pump or directly from a pre-saturated tank On request, we can provide a list of manufacturers of automatic filling machines compatible with Ecofass drums. &nbsp; &nbsp;","og_url":"https:\/\/ecofass.com\/en\/products-and-accessories\/racking-equipment\/","og_site_name":"Ecofass","article_modified_time":"2024-10-29T11:21:40+00:00","og_image":[{"url":"https:\/\/ecofass.com\/wp-content\/uploads\/2022\/02\/enfuteuse-manuelle.jpeg","type":"","width":"","height":""}],"twitter_card":"summary_large_image","schema":{"@context":"https:\/\/schema.org","@graph":[{"@type":"WebPage","@id":"https:\/\/ecofass.com\/en\/products-and-accessories\/racking-equipment\/","url":"https:\/\/ecofass.com\/en\/products-and-accessories\/racking-equipment\/","name":"Racking equipment - Ecofass","isPartOf":{"@id":"https:\/\/ecofass.com\/en\/#website"},"primaryImageOfPage":{"@id":"https:\/\/ecofass.com\/en\/products-and-accessories\/racking-equipment\/#primaryimage"},"image":{"@id":"https:\/\/ecofass.com\/en\/products-and-accessories\/racking-equipment\/#primaryimage"},"thumbnailUrl":"https:\/\/ecofass.com\/wp-content\/uploads\/2022\/02\/enfuteuse-manuelle.jpeg","datePublished":"2022-02-15T09:16:35+00:00","dateModified":"2024-10-29T11:21:40+00:00","breadcrumb":{"@id":"https:\/\/ecofass.com\/en\/products-and-accessories\/racking-equipment\/#breadcrumb"},"inLanguage":"en-US","potentialAction":[{"@type":"ReadAction","target":["https:\/\/ecofass.com\/en\/products-and-accessories\/racking-equipment\/"]}]},{"@type":"ImageObject","inLanguage":"en-US","@id":"https:\/\/ecofass.com\/en\/products-and-accessories\/racking-equipment\/#primaryimage","url":"https:\/\/ecofass.com\/wp-content\/uploads\/2022\/02\/enfuteuse-manuelle.jpeg","contentUrl":"https:\/\/ecofass.com\/wp-content\/uploads\/2022\/02\/enfuteuse-manuelle.jpeg"},{"@type":"BreadcrumbList","@id":"https:\/\/ecofass.com\/en\/products-and-accessories\/racking-equipment\/#breadcrumb","itemListElement":[{"@type":"ListItem","position":1,"name":"Accueil","item":"https:\/\/ecofass.com\/en\/"},{"@type":"ListItem","position":2,"name":"Products and accessories","item":"https:\/\/ecofass.com\/en\/products-and-accessories\/"},{"@type":"ListItem","position":3,"name":"Racking equipment"}]},{"@type":"WebSite","@id":"https:\/\/ecofass.com\/en\/#website","url":"https:\/\/ecofass.com\/en\/","name":"Ecofass","description":"","potentialAction":[{"@type":"SearchAction","target":{"@type":"EntryPoint","urlTemplate":"https:\/\/ecofass.com\/en\/?s={search_term_string}"},"query-input":{"@type":"PropertyValueSpecification","valueRequired":true,"valueName":"search_term_string"}}],"inLanguage":"en-US"}]}},"_links":{"self":[{"href":"https:\/\/ecofass.com\/en\/wp-json\/wp\/v2\/pages\/3421","targetHints":{"allow":["GET"]}}],"collection":[{"href":"https:\/\/ecofass.com\/en\/wp-json\/wp\/v2\/pages"}],"about":[{"href":"https:\/\/ecofass.com\/en\/wp-json\/wp\/v2\/types\/page"}],"author":[{"embeddable":true,"href":"https:\/\/ecofass.com\/en\/wp-json\/wp\/v2\/users\/1"}],"replies":[{"embeddable":true,"href":"https:\/\/ecofass.com\/en\/wp-json\/wp\/v2\/comments?post=3421"}],"version-history":[{"count":5,"href":"https:\/\/ecofass.com\/en\/wp-json\/wp\/v2\/pages\/3421\/revisions"}],"predecessor-version":[{"id":3612,"href":"https:\/\/ecofass.com\/en\/wp-json\/wp\/v2\/pages\/3421\/revisions\/3612"}],"up":[{"embeddable":true,"href":"https:\/\/ecofass.com\/en\/wp-json\/wp\/v2\/pages\/3422"}],"wp:attachment":[{"href":"https:\/\/ecofass.com\/en\/wp-json\/wp\/v2\/media?parent=3421"}],"curies":[{"name":"wp","href":"https:\/\/api.w.org\/{rel}","templated":true}]}}